{"id":3062,"date":"2019-10-21T07:42:41","date_gmt":"2019-10-21T07:42:41","guid":{"rendered":"https:\/\/elessi.nasatheme.com\/?page_id=3062"},"modified":"2021-04-12T01:05:02","modified_gmt":"2021-04-12T01:05:02","slug":"cincar","status":"publish","type":"page","link":"https:\/\/cincar.pt\/site\/cincar\/","title":{"rendered":"EMPRESA"},"content":{"rendered":"<p>[vc_row equal_height=&#8221;yes&#8221; fullwidth=&#8221;1&#8243; el_class=&#8221;margin-top-50 margin-bottom-60 mobile-margin-top-0&#8243;][vc_column][vc_empty_space height=&#8221;5px&#8221; el_class=&#8221;margin-top-5 margin-bottom-60 mobile-margin-top-0&#8243;][\/vc_column][\/vc_row][vc_row el_class=&#8221;margin-top-50 margin-bottom-60 mobile-margin-top-0&#8243;][vc_column width=&#8221;1\/2&#8243; el_class=&#8221;padding-right-40 padding-top-50 padding-side-mobile-0 mobile-margin-bottom-50 mobile-padding-top-10&#8243;][vc_row_inner][vc_column_inner el_class=&#8221;padding-right-60 padding-side-mobile-0&#8243;]<div class=\"nasa-title clearfix hr-type-none text-right padding-bottom-10\"><div class=\"nasa-wrap\"><h3 class=\"nasa-heading-title\"><span class=\"nasa-title-wrap\"><span style=\"background: #ffffff;\">Apresenta\u00e7\u00e3o<\/span><span class=\"nasa-title-hr\"><\/span><\/span><\/h3><\/div><\/div>[vc_column_text]<\/p>\n<p style=\"text-align: justify;\">CINCAR \u2013 Marroquinarias, Lda deu in\u00edcio \u00e0 sua atividade no m\u00eas de fevereiro de 1981 em Milheir\u00f3s de Poiares, concelho de Santa Maria da Feira, cujo nome surge dos artigos que s\u00e3o o core business da empresa: cintos e carteiras.<br \/>\nCom a perseveran\u00e7a e o rigor que sempre caracterizou as pessoas que connosco colaboraram, este projeto foi sendo alicer\u00e7ado em bases s\u00f3lidas de qualidade e Know How e faz com que os nossos artigos sejam atualmente uma refer\u00eancia no mercado nacional.<br \/>\nAo longo dos anos, a empresa foi resistindo a v\u00e1rias crises nacionais e internacionais, no entanto, existiu sempre a capacidade de criar neg\u00f3cio, sendo a escolha cuidada das mat\u00e9rias-primas um fator essencial, proporcionando aos nossos clientes o usufruto de um artigo de qualidade e duradouro.<br \/>\nA empresa continua com a mesma convic\u00e7\u00e3o de sempre, o caminho certo \u00e9 o da qualidade e o do trabalho \u00e1rduo na procura de valor acrescentado que deve estar inerente a cada artigo!<br \/>\nNeste momento \u00e9 um neg\u00f3cio familiar, j\u00e1 com a segunda gera\u00e7\u00e3o dentro da empresa a trabalhar para o sucesso.<\/p>\n<p>[\/vc_column_text][vc_empty_space height=&#8221;60px&#8221;][\/vc_column_inner][vc_column_inner el_class=&#8221;desktop-margin-top-30&#8243;]<div class=\"banner nasa_banner\" data-wow-delay=\"0ms\" style=\"height: 2560px;\"><div class=\"banner-image nasa-banner-image\" style=\"background-image: url(https:\/\/cincar.pt\/site\/wp-content\/uploads\/2021\/02\/20191120_135709-scaled.jpg);background-position: center center;\" data-height=\"2560\" data-width=\"1920\"><\/div><\/div>[\/vc_column_inner][\/vc_row_inner][vc_row_inner][vc_column_inner el_class=&#8221;padding-right-60 padding-side-mobile-0&#8243;]<div class=\"nasa-title clearfix hr-type-none text-right padding-bottom-10\"><div class=\"nasa-wrap\"><h3 class=\"nasa-heading-title\"><span class=\"nasa-title-wrap\"><span style=\"background: #ffffff;\">Produ\u00e7\u00e3o<\/span><span class=\"nasa-title-hr\"><\/span><\/span><\/h3><\/div><\/div>[vc_column_text]<\/p>\n<p style=\"text-align: justify;\">Os artigos expostos resultam do esfor\u00e7o, mas acima de tudo, da capacidade inovadora intr\u00ednseca nos nossos colaboradores.<br \/>\nA qualidade dos materiais \u00e9 essencial e fator decisivo na escolha dos mesmos, proporcionando um artigo final de excel\u00eancia e cujo objetivo \u00e9 e continuar\u00e1 a ser a sua satisfa\u00e7\u00e3o dos nossos clientes!<\/p>\n<p>[\/vc_column_text][vc_empty_space height=&#8221;60px&#8221;][\/vc_column_inner][\/vc_row_inner][\/vc_column][vc_column width=&#8221;1\/2&#8243;][vc_row_inner][vc_column_inner]<div class=\"banner nasa_banner\" data-wow-delay=\"0ms\" style=\"height: 2560px;\"><div class=\"banner-image nasa-banner-image\" style=\"background-image: url(https:\/\/cincar.pt\/site\/wp-content\/uploads\/2021\/02\/20200917_152813-scaled.jpg);background-position: center center;\" data-height=\"2560\" data-width=\"1920\"><\/div><\/div>[\/vc_column_inner][\/vc_row_inner][vc_row_inner][vc_column_inner el_class=&#8221;padding-right-60 padding-side-mobile-0&#8243;]<div class=\"nasa-title clearfix hr-type-none padding-bottom-10\"><div class=\"nasa-wrap\"><h3 class=\"nasa-heading-title\"><span class=\"nasa-title-wrap\"><span style=\"background: #ffffff;\">Miss\u00e3o<\/span><span class=\"nasa-title-hr\"><\/span><\/span><\/h3><\/div><\/div>[vc_column_text]<\/p>\n<p style=\"text-align: justify;\">O nosso principal objetivo \u00e9 a cria\u00e7\u00e3o e execu\u00e7\u00e3o com qualidade de todos os nossos artigos, de modo a satisfazer todos os clientes que compram a nossa marca. Sendo que temos sempre cuidado na escolha dos materiais para proporcionarmos isso.<br \/>\nCom 40 anos de \u201cescola\u201d na produ\u00e7\u00e3o de cintos e carteiras tentamos sempre inovar no nosso design assim como analisar qual a procura dos nossos clientes.<br \/>\nNeste momento n\u00e3o fazemos apenas cintos e carteiras, acrescentamos chinelos de quarto.<br \/>\nA nossa escola j\u00e1 conta com cerca de 16 trabalhadores e todos eles com precis\u00e3o e dedica\u00e7\u00e3o na fabrica\u00e7\u00e3o dos nossos artigos.<\/p>\n<p>[\/vc_column_text][vc_empty_space height=&#8221;60px&#8221;][\/vc_column_inner][vc_column_inner el_class=&#8221;desktop-margin-top-30&#8243;]<div class=\"banner nasa_banner\" data-wow-delay=\"0ms\" style=\"height: 756px;\"><div class=\"banner-image nasa-banner-image\" style=\"background-image: url(https:\/\/cincar.pt\/site\/wp-content\/uploads\/2021\/02\/IMG_5213.jpg);background-position: center center;\" data-height=\"756\" data-width=\"1134\"><\/div><\/div>[\/vc_column_inner][\/vc_row_inner][\/vc_column][\/vc_row]<\/p>\n","protected":false},"excerpt":{"rendered":"<p>[vc_row equal_height=&#8221;yes&#8221; fullwidth=&#8221;1&#8243; el_class=&#8221;margin-top-50 margin-bottom-60 mobile-margin-top-0&#8243;][vc_column][vc_empty_space height=&#8221;5px&#8221; el_class=&#8221;margin-top-5 margin-bottom-60 mobile-margin-top-0&#8243;][\/vc_column][\/vc_row][vc_row el_class=&#8221;margin-top-50 margin-bottom-60 mobile-margin-top-0&#8243;][vc_column width=&#8221;1\/2&#8243; el_class=&#8221;padding-right-40 padding-top-50 padding-side-mobile-0 mobile-margin-bottom-50 mobile-padding-top-10&#8243;][vc_row_inner][vc_column_inner el_class=&#8221;padding-right-60 padding-side-mobile-0&#8243;][vc_column_text] CINCAR \u2013 Marroquinarias, Lda deu in\u00edcio \u00e0 sua atividade no m\u00eas de fevereiro de 1981 em Milheir\u00f3s de Poiares, concelho de Santa Maria da Feira, cujo nome surge dos artigos que s\u00e3o o core [&hellip;]<\/p>\n","protected":false},"author":1,"featured_media":0,"parent":0,"menu_order":0,"comment_status":"closed","ping_status":"closed","template":"","meta":{"footnotes":""},"class_list":["post-3062","page","type-page","status-publish","hentry"],"_links":{"self":[{"href":"https:\/\/cincar.pt\/site\/wp-json\/wp\/v2\/pages\/3062","targetHints":{"allow":["GET"]}}],"collection":[{"href":"https:\/\/cincar.pt\/site\/wp-json\/wp\/v2\/pages"}],"about":[{"href":"https:\/\/cincar.pt\/site\/wp-json\/wp\/v2\/types\/page"}],"author":[{"embeddable":true,"href":"https:\/\/cincar.pt\/site\/wp-json\/wp\/v2\/users\/1"}],"replies":[{"embeddable":true,"href":"https:\/\/cincar.pt\/site\/wp-json\/wp\/v2\/comments?post=3062"}],"version-history":[{"count":35,"href":"https:\/\/cincar.pt\/site\/wp-json\/wp\/v2\/pages\/3062\/revisions"}],"predecessor-version":[{"id":3714,"href":"https:\/\/cincar.pt\/site\/wp-json\/wp\/v2\/pages\/3062\/revisions\/3714"}],"wp:attachment":[{"href":"https:\/\/cincar.pt\/site\/wp-json\/wp\/v2\/media?parent=3062"}],"curies":[{"name":"wp","href":"https:\/\/api.w.org\/{rel}","templated":true}]}}